{"id":569,"date":"2016-05-14T23:13:50","date_gmt":"2016-05-14T21:13:50","guid":{"rendered":"http:\/\/www.pottoroak.fr\/?page_id=569"},"modified":"2020-12-03T17:43:53","modified_gmt":"2020-12-03T16:43:53","slug":"qui","status":"publish","type":"page","link":"https:\/\/www.pottoroak.fr\/?page_id=569","title":{"rendered":"Qui sommes nous ?"},"content":{"rendered":"<p><\/p>\n<h4><img loading=\"lazy\" decoding=\"async\" class=\"alignleft size-medium wp-image-583\" src=\"http:\/\/www.pottoroak.fr\/wp-content\/uploads\/2014\/08\/presentation_image_intro-300x300.jpg\" alt=\"presentation_image_intro\" width=\"300\" height=\"300\" data-id=\"583\" srcset=\"https:\/\/www.pottoroak.fr\/wp-content\/uploads\/2014\/08\/presentation_image_intro-300x300.jpg 300w, https:\/\/www.pottoroak.fr\/wp-content\/uploads\/2014\/08\/presentation_image_intro-150x150.jpg 150w, https:\/\/www.pottoroak.fr\/wp-content\/uploads\/2014\/08\/presentation_image_intro-768x768.jpg 768w, https:\/\/www.pottoroak.fr\/wp-content\/uploads\/2014\/08\/presentation_image_intro-1024x1024.jpg 1024w, https:\/\/www.pottoroak.fr\/wp-content\/uploads\/2014\/08\/presentation_image_intro-60x60.jpg 60w, https:\/\/www.pottoroak.fr\/wp-content\/uploads\/2014\/08\/presentation_image_intro.jpg 1800w\" sizes=\"(max-width: 300px) 100vw, 300px\" \/>A l&rsquo;origine, le club<\/h4>\n<p style=\"text-align: justify;\">En 1965, un groupe de jeunes bayonnais partageant le m\u00eame amour du chant se retrouve sous la baguette d\u2019Andr\u00e9 B\u00e9hot\u00e9guy et cr\u00e9e l\u2019<i>Otxote Pottoroak<\/i>. Un de leurs points de rendez-vous est le \u201cClub des Clubs\u201d, rue du 49\u00e8me, g\u00e9r\u00e9 par le fameux rugbyman de l\u2019Aviron Bayonnais, Jean Dauger.<\/p>\n<p style=\"text-align: justify;\">Quand celui-ci ferme son caf\u00e9 embl\u00e9matique en 1970, l\u2019id\u00e9e vient tout naturellement d\u2019en prolonger l\u2019existence en fusionnant les deux associations,\u00a0<i>Pottoroak<\/i>\u00a0et \u201cClub des Clubs\u00a0\u00bb, sous l\u2019appellation\u00a0<i>Club Pottoroak<\/i>\u00a0qui compte d\u00e9sormais une cinquantaine de membres. Le si\u00e8ge social est \u00e9tabli dans la Casemate du Rempart Lachepaillet, mise deux ans auparavant \u00e0 disposition des chanteurs par le maire Henri Grenet.<\/p>\n<p style=\"text-align: justify;\">L\u2019activit\u00e9 chorale conna\u00eet ensuite une mise en sommeil. Par p\u00e9riode, on renoue avec le chant sous la baguette d\u2019Andr\u00e9 B\u00e9hot\u00e9guy.<\/p>\n<p style=\"text-align: justify;\">[pullquote align=\u00a0\u00bbright\u00a0\u00bb]<i>Club Pottoroak\u00a0<\/i>se tourne r\u00e9solument vers l\u2019animation des festivit\u00e9s bayonnaises.[\/pullquote]<\/p>\n<p style=\"text-align: justify;\"><i>Club Pottoroak\u00a0<\/i>joue au rugby, construit des chars pour le Corso lumineux des\u00a0F\u00eates de Bayonne et se tourne r\u00e9solument vers l\u2019animation des festivit\u00e9s bayonnaises<\/p>\n<p style=\"text-align: justify;\">Il faut attendre 2006 pour une reprise ambitieuse de la chorale. Le conseil d\u2019administration d\u00e9cide de faire appel \u00e0 Andr\u00e9 Lassus pour cr\u00e9er un nouveau ch\u0153ur d\u2019hommes.<\/p>\n<p style=\"text-align: justify;\">L\u2019adh\u00e9sion est imm\u00e9diate et le groupe s\u2019attaque \u00e0 un immense chantier d\u2019apprentissage de l\u2019art vocal pour la plupart et \u00e0 l\u2019acquisition d\u2019un solide r\u00e9pertoire, profane et sacr\u00e9. Le chef de ch\u0153ur rel\u00e8ve le d\u00e9fi en s\u2019appuyant sur les plus exp\u00e9riment\u00e9s tout en sollicitant aussi quelques renforts.<\/p>\n<div id='gallery-1' class='gallery galleryid-569 gallery-columns-3 gallery-size-medium'><figure class='gallery-item'>\n\t\t\t<div class='gallery-icon landscape'>\n\t\t\t\t<img loading=\"lazy\" decoding=\"async\" width=\"300\" height=\"150\" src=\"https:\/\/www.pottoroak.fr\/wp-content\/uploads\/2014\/08\/presentation-choeur_5-300x150.jpg\" class=\"attachment-medium size-medium\" alt=\"\" srcset=\"https:\/\/www.pottoroak.fr\/wp-content\/uploads\/2014\/08\/presentation-choeur_5-300x150.jpg 300w, https:\/\/www.pottoroak.fr\/wp-content\/uploads\/2014\/08\/presentation-choeur_5-768x384.jpg 768w, https:\/\/www.pottoroak.fr\/wp-content\/uploads\/2014\/08\/presentation-choeur_5.jpg 844w\" sizes=\"(max-width: 300px) 100vw, 300px\" \/>\n\t\t\t<\/div><\/figure><figure class='gallery-item'>\n\t\t\t<div class='gallery-icon landscape'>\n\t\t\t\t<img loading=\"lazy\" decoding=\"async\" width=\"300\" height=\"150\" src=\"https:\/\/www.pottoroak.fr\/wp-content\/uploads\/2014\/08\/presentation-choeur_3-300x150.jpg\" class=\"attachment-medium size-medium\" alt=\"\" srcset=\"https:\/\/www.pottoroak.fr\/wp-content\/uploads\/2014\/08\/presentation-choeur_3-300x150.jpg 300w, https:\/\/www.pottoroak.fr\/wp-content\/uploads\/2014\/08\/presentation-choeur_3-768x384.jpg 768w, https:\/\/www.pottoroak.fr\/wp-content\/uploads\/2014\/08\/presentation-choeur_3.jpg 900w\" sizes=\"(max-width: 300px) 100vw, 300px\" \/>\n\t\t\t<\/div><\/figure><figure class='gallery-item'>\n\t\t\t<div class='gallery-icon landscape'>\n\t\t\t\t<img loading=\"lazy\" decoding=\"async\" width=\"300\" height=\"150\" src=\"https:\/\/www.pottoroak.fr\/wp-content\/uploads\/2014\/08\/presentation-choeur_6-300x150.jpg\" class=\"attachment-medium size-medium\" alt=\"\" srcset=\"https:\/\/www.pottoroak.fr\/wp-content\/uploads\/2014\/08\/presentation-choeur_6-300x150.jpg 300w, https:\/\/www.pottoroak.fr\/wp-content\/uploads\/2014\/08\/presentation-choeur_6-768x384.jpg 768w, https:\/\/www.pottoroak.fr\/wp-content\/uploads\/2014\/08\/presentation-choeur_6.jpg 900w\" sizes=\"(max-width: 300px) 100vw, 300px\" \/>\n\t\t\t<\/div><\/figure><figure class='gallery-item'>\n\t\t\t<div class='gallery-icon landscape'>\n\t\t\t\t<img loading=\"lazy\" decoding=\"async\" width=\"300\" height=\"152\" src=\"https:\/\/www.pottoroak.fr\/wp-content\/uploads\/2014\/08\/presentation-choeur_2-300x152.jpeg\" class=\"attachment-medium size-medium\" alt=\"\" srcset=\"https:\/\/www.pottoroak.fr\/wp-content\/uploads\/2014\/08\/presentation-choeur_2-300x152.jpeg 300w, https:\/\/www.pottoroak.fr\/wp-content\/uploads\/2014\/08\/presentation-choeur_2.jpeg 587w\" sizes=\"(max-width: 300px) 100vw, 300px\" \/>\n\t\t\t<\/div><\/figure><figure class='gallery-item'>\n\t\t\t<div class='gallery-icon landscape'>\n\t\t\t\t<img loading=\"lazy\" decoding=\"async\" width=\"300\" height=\"150\" src=\"https:\/\/www.pottoroak.fr\/wp-content\/uploads\/2014\/08\/presentation-choeur_1-300x150.jpg\" class=\"attachment-medium size-medium\" alt=\"\" srcset=\"https:\/\/www.pottoroak.fr\/wp-content\/uploads\/2014\/08\/presentation-choeur_1-300x150.jpg 300w, https:\/\/www.pottoroak.fr\/wp-content\/uploads\/2014\/08\/presentation-choeur_1-768x384.jpg 768w, https:\/\/www.pottoroak.fr\/wp-content\/uploads\/2014\/08\/presentation-choeur_1.jpg 900w\" sizes=\"(max-width: 300px) 100vw, 300px\" \/>\n\t\t\t<\/div><\/figure><figure class='gallery-item'>\n\t\t\t<div class='gallery-icon landscape'>\n\t\t\t\t<img loading=\"lazy\" decoding=\"async\" width=\"300\" height=\"150\" src=\"https:\/\/www.pottoroak.fr\/wp-content\/uploads\/2014\/08\/presentation-choeur_4-300x150.jpg\" class=\"attachment-medium size-medium\" alt=\"\" srcset=\"https:\/\/www.pottoroak.fr\/wp-content\/uploads\/2014\/08\/presentation-choeur_4-300x150.jpg 300w, https:\/\/www.pottoroak.fr\/wp-content\/uploads\/2014\/08\/presentation-choeur_4.jpg 662w\" sizes=\"(max-width: 300px) 100vw, 300px\" \/>\n\t\t\t<\/div><\/figure>\n\t\t<\/div>\n\n<h4>L&rsquo;\u00e9volution du choeur<\/h4>\n<p style=\"text-align: justify;\">En 2015, ann\u00e9e du 45\u00e8me anniversaire de l\u2019association, le Ch\u0153ur d\u2019Hommes\u00a0<i>Club Pottoroak<\/i>, connu et appr\u00e9ci\u00e9 sur la place, publie son premier enregistrement.<\/p>\n<p style=\"text-align: justify;\">Partant d\u2019un socle de chants profanes et religieux puis\u00e9 dans le riche patrimoine basque, le Ch\u0153ur d&rsquo;hommes\u00a0<i>Club Pottoroak<\/i>\u00a0a progressivement \u00e9largi son r\u00e9pertoire avec des airs venus d\u2019ailleurs avec une pr\u00e9dilection naturelle pour les chants espagnols mais aussi d\u2019origine slave dont les accents sont si proches de certaines m\u00e9lop\u00e9es basques, interpr\u00e9t\u00e9s toujours \u00e0 4 voix et\u00a0<i>a capella<\/i>. Mais les choristes aiment aussi partager l\u2019affiche de leurs prestations avec diff\u00e9rentes formations musicales avec lesquelles ils offrent des spectacles tr\u00e8s appr\u00e9ci\u00e9s par un large public.<\/p>\n<p style=\"text-align: justify;\">Le succ\u00e8s du Ch\u0153ur\u00a0<i>Club Pottoroak<\/i>\u00a0est en grande partie \u00e0 mettre au cr\u00e9dit de son chef, Andr\u00e9 Lassus, qui, depuis le retour d\u2019un ensemble choral dans la Casemate du Rempart Lachepaillet en 2006, a su tirer le meilleur des potentialit\u00e9s (souvent insoup\u00e7onn\u00e9es) de chacun et qui sait, mieux que quiconque, faire partager sa passion du chant et de la musique.<\/p>\n<p style=\"text-align: justify;\">[pullquote align=\u00a0\u00bbright\u00a0\u00bb]\u00a0Le succ\u00e8s du Ch\u0153ur\u00a0<i>Club Pottoroak<\/i>\u00a0est en grande partie \u00e0 mettre au cr\u00e9dit de son chef, Andr\u00e9 Lassus\u00a0[\/pullquote]<\/p>\n<figure id=\"attachment_591\" aria-describedby=\"caption-attachment-591\" style=\"width: 120px\" class=\"wp-caption alignleft\"><img loading=\"lazy\" decoding=\"async\" class=\"wp-image-591\" src=\"http:\/\/www.pottoroak.fr\/wp-content\/uploads\/2014\/08\/presentation_chef_andre-1-150x150.jpg\" alt=\"Andr\u00e9 Lassus\" width=\"120\" height=\"152\" data-id=\"591\" srcset=\"https:\/\/www.pottoroak.fr\/wp-content\/uploads\/2014\/08\/presentation_chef_andre-1-237x300.jpg 237w, https:\/\/www.pottoroak.fr\/wp-content\/uploads\/2014\/08\/presentation_chef_andre-1-768x973.jpg 768w, https:\/\/www.pottoroak.fr\/wp-content\/uploads\/2014\/08\/presentation_chef_andre-1-809x1024.jpg 809w, https:\/\/www.pottoroak.fr\/wp-content\/uploads\/2014\/08\/presentation_chef_andre-1.jpg 1130w\" sizes=\"(max-width: 120px) 100vw, 120px\" \/><figcaption id=\"caption-attachment-591\" class=\"wp-caption-text\">Andr\u00e9 Lassus<\/figcaption><\/figure>\n<figure id=\"attachment_592\" aria-describedby=\"caption-attachment-592\" style=\"width: 112px\" class=\"wp-caption alignleft\"><img loading=\"lazy\" decoding=\"async\" class=\"wp-image-592\" src=\"http:\/\/www.pottoroak.fr\/wp-content\/uploads\/2014\/08\/presentation_chef_philippe-1-150x150.jpg\" alt=\"Philippe Plac\u00e9\" width=\"112\" height=\"152\" data-id=\"592\" srcset=\"https:\/\/www.pottoroak.fr\/wp-content\/uploads\/2014\/08\/presentation_chef_philippe-1-221x300.jpg 221w, https:\/\/www.pottoroak.fr\/wp-content\/uploads\/2014\/08\/presentation_chef_philippe-1-768x1044.jpg 768w, https:\/\/www.pottoroak.fr\/wp-content\/uploads\/2014\/08\/presentation_chef_philippe-1-753x1024.jpg 753w, https:\/\/www.pottoroak.fr\/wp-content\/uploads\/2014\/08\/presentation_chef_philippe-1.jpg 1014w\" sizes=\"(max-width: 112px) 100vw, 112px\" \/><figcaption id=\"caption-attachment-592\" class=\"wp-caption-text\">Philippe Plac\u00e9<\/figcaption><\/figure>\n<p style=\"text-align: justify;\">Apr\u00e8s des \u00e9tudes musicales \u00e0 l&rsquo;\u00c9cole Nationale de Musique de Bayonne, Andr\u00e9 Lassus a prolong\u00e9, pendant une dizaine d&rsquo;ann\u00e9es (1968-1977) sa formation \u00e0 Paris. Il a obtenu un 1er Prix du Conservatoire National Sup\u00e9rieur de Musique de Paris en 1973. Durant sa p\u00e9riode parisienne, il a jou\u00e9 au sein de plusieurs formations, notamment de la prestigieuse musique principale de l&rsquo;Arm\u00e9e de l&rsquo;Air. De retour dans la r\u00e9gion, il a poursuivi sa carri\u00e8re en occupant plusieurs postes de Directeur d&rsquo;\u00c9cole de Musique : \u00e0 Morcenx, Orthez, Dax, et pour terminer, \u00e0 Tarnos. Passionn\u00e9 et aimant toucher \u00e0 toutes formes musicales, c&rsquo;est tout naturellement qu&rsquo;il s&rsquo;est int\u00e9ress\u00e9 aux ch\u0153urs d&rsquo;hommes :\u00a0<i>Argileak<\/i>\u00a0d&rsquo;abord, puis\u00a0<i>Club Pottoroak<\/i>\u00a0dont il a pris la direction lors de sa renaissance en 2006, pour le plaisir et l&rsquo;amiti\u00e9. Musicien, enseignant et chef d&rsquo;orchestre reconnu, Andr\u00e9 Lassus fait incontestablement partie des personnalit\u00e9s musicales de la r\u00e9gion. Il dirige actuellement l&rsquo;Orchestre d&rsquo;Harmonie de Biarritz. Le Ch\u0153ur d\u2019Hommes\u00a0<i>Club Pottoroak\u00a0<\/i>est compos\u00e9 actuellement de 45 choristes. Le chef Andr\u00e9 Lassus est second\u00e9 par Philippe Plac\u00e9.<\/p>\n<p>&nbsp;<\/p>\n<h4>La ville de Bayonne<\/h4>\n<p style=\"text-align: justify;\">Le Ch\u0153ur d\u2019Hommes\u00a0<i>Club Pottoroak<\/i>,\u00a0c&rsquo;est aussi un attachement particulier \u00e0 la ville de Bayonne.\u00a0Aux pieds des Pyr\u00e9n\u00e9es, sur la c\u00f4te atlantique, Bayonne, ville d\u2019art et d\u2019histoire, b\u00e9n\u00e9ficie d&rsquo;une situation g\u00e9ographique exceptionnelle : au c\u0153ur de la vieille ville devant le th\u00e9\u00e2tre, la Nive qui descend du Pays Basque et l&rsquo;Adour, fleuve gascon, se rejoignent avant de se jeter dans l&rsquo;oc\u00e9an tout proche.\u00a0C\u00e9l\u00e8bre pour la beaut\u00e9 de ses maisons s\u00e9culaires merveilleusement restaur\u00e9es, ses quais, ses mus\u00e9es, ses ch\u00e2teaux, sa citadelle, Bayonne l&rsquo;est \u00e9galement pour ses traditions : la foire au jambon, le fameux chocolat, le festival de th\u00e9\u00e2tre, les F\u00eates traditionnelles, les corridas (les plus anciennes de France), la pelote basque, le rugby, l&rsquo;aviron &#8230;\u00a0Ville de caract\u00e8re, sa devise Nunquam Polluta, \u00ab\u00a0jamais souill\u00e9e\u00a0\u00bb, est l\u00e0 pour rappeler qu&rsquo;elle a su r\u00e9sister victorieusement \u00e0 quatorze si\u00e8ges.\u00a0Ville ouverte, tourn\u00e9e vers l&rsquo;avenir, elle est la capitale \u00e9conomique, administrative et culturelle de toute une r\u00e9gion.<\/p>\n<p><div id='gallery-2' class='gallery galleryid-569 gallery-columns-5 gallery-size-thumbnail'><figure class='gallery-item'>\n\t\t\t<div class='gallery-icon landscape'>\n\t\t\t\t<a href='https:\/\/www.pottoroak.fr\/wp-content\/uploads\/2016\/06\/photo_home_6.jpg'><img loading=\"lazy\" decoding=\"async\" width=\"150\" height=\"150\" src=\"https:\/\/www.pottoroak.fr\/wp-content\/uploads\/2016\/06\/photo_home_6-150x150.jpg\" class=\"attachment-thumbnail size-thumbnail\" alt=\"\" srcset=\"https:\/\/www.pottoroak.fr\/wp-content\/uploads\/2016\/06\/photo_home_6-150x150.jpg 150w, https:\/\/www.pottoroak.fr\/wp-content\/uploads\/2016\/06\/photo_home_6-60x60.jpg 60w, https:\/\/www.pottoroak.fr\/wp-content\/uploads\/2016\/06\/photo_home_6-600x600.jpg 600w, https:\/\/www.pottoroak.fr\/wp-content\/uploads\/2016\/06\/photo_home_6-300x300.jpg 300w\" sizes=\"(max-width: 150px) 100vw, 150px\" \/><\/a>\n\t\t\t<\/div><\/figure><figure class='gallery-item'>\n\t\t\t<div class='gallery-icon landscape'>\n\t\t\t\t<a href='https:\/\/www.pottoroak.fr\/wp-content\/uploads\/2016\/06\/photo_home_2.jpg'><img loading=\"lazy\" decoding=\"async\" width=\"150\" height=\"150\" src=\"https:\/\/www.pottoroak.fr\/wp-content\/uploads\/2016\/06\/photo_home_2-150x150.jpg\" class=\"attachment-thumbnail size-thumbnail\" alt=\"\" srcset=\"https:\/\/www.pottoroak.fr\/wp-content\/uploads\/2016\/06\/photo_home_2-150x150.jpg 150w, https:\/\/www.pottoroak.fr\/wp-content\/uploads\/2016\/06\/photo_home_2-60x60.jpg 60w, https:\/\/www.pottoroak.fr\/wp-content\/uploads\/2016\/06\/photo_home_2-600x600.jpg 600w, https:\/\/www.pottoroak.fr\/wp-content\/uploads\/2016\/06\/photo_home_2-300x300.jpg 300w\" sizes=\"(max-width: 150px) 100vw, 150px\" \/><\/a>\n\t\t\t<\/div><\/figure><figure class='gallery-item'>\n\t\t\t<div class='gallery-icon landscape'>\n\t\t\t\t<a href='https:\/\/www.pottoroak.fr\/wp-content\/uploads\/2016\/12\/fond_bayonne3.jpg'><img loading=\"lazy\" decoding=\"async\" width=\"150\" height=\"150\" src=\"https:\/\/www.pottoroak.fr\/wp-content\/uploads\/2016\/12\/fond_bayonne3-150x150.jpg\" class=\"attachment-thumbnail size-thumbnail\" alt=\"\" srcset=\"https:\/\/www.pottoroak.fr\/wp-content\/uploads\/2016\/12\/fond_bayonne3-150x150.jpg 150w, https:\/\/www.pottoroak.fr\/wp-content\/uploads\/2016\/12\/fond_bayonne3-60x60.jpg 60w, https:\/\/www.pottoroak.fr\/wp-content\/uploads\/2016\/12\/fond_bayonne3-600x600.jpg 600w, https:\/\/www.pottoroak.fr\/wp-content\/uploads\/2016\/12\/fond_bayonne3-300x300.jpg 300w\" sizes=\"(max-width: 150px) 100vw, 150px\" \/><\/a>\n\t\t\t<\/div><\/figure><figure class='gallery-item'>\n\t\t\t<div class='gallery-icon landscape'>\n\t\t\t\t<a href='https:\/\/www.pottoroak.fr\/wp-content\/uploads\/2016\/12\/fond_bayonne1.jpg'><img loading=\"lazy\" decoding=\"async\" width=\"150\" height=\"150\" src=\"https:\/\/www.pottoroak.fr\/wp-content\/uploads\/2016\/12\/fond_bayonne1-150x150.jpg\" class=\"attachment-thumbnail size-thumbnail\" alt=\"\" srcset=\"https:\/\/www.pottoroak.fr\/wp-content\/uploads\/2016\/12\/fond_bayonne1-150x150.jpg 150w, https:\/\/www.pottoroak.fr\/wp-content\/uploads\/2016\/12\/fond_bayonne1-60x60.jpg 60w, https:\/\/www.pottoroak.fr\/wp-content\/uploads\/2016\/12\/fond_bayonne1-600x600.jpg 600w, https:\/\/www.pottoroak.fr\/wp-content\/uploads\/2016\/12\/fond_bayonne1-300x300.jpg 300w\" sizes=\"(max-width: 150px) 100vw, 150px\" \/><\/a>\n\t\t\t<\/div><\/figure><figure class='gallery-item'>\n\t\t\t<div class='gallery-icon landscape'>\n\t\t\t\t<a href='https:\/\/www.pottoroak.fr\/wp-content\/uploads\/2016\/12\/fond_bayonne.jpg'><img loading=\"lazy\" decoding=\"async\" width=\"150\" height=\"150\" src=\"https:\/\/www.pottoroak.fr\/wp-content\/uploads\/2016\/12\/fond_bayonne-150x150.jpg\" class=\"attachment-thumbnail size-thumbnail\" alt=\"\" srcset=\"https:\/\/www.pottoroak.fr\/wp-content\/uploads\/2016\/12\/fond_bayonne-150x150.jpg 150w, https:\/\/www.pottoroak.fr\/wp-content\/uploads\/2016\/12\/fond_bayonne-60x60.jpg 60w, https:\/\/www.pottoroak.fr\/wp-content\/uploads\/2016\/12\/fond_bayonne-600x600.jpg 600w, https:\/\/www.pottoroak.fr\/wp-content\/uploads\/2016\/12\/fond_bayonne-300x300.jpg 300w\" sizes=\"(max-width: 150px) 100vw, 150px\" \/><\/a>\n\t\t\t<\/div><\/figure>\n\t\t<\/div>\n<\/p>","protected":false},"excerpt":{"rendered":"<p>A l&rsquo;origine, le club En 1965, un groupe de jeunes bayonnais partageant le m\u00eame amour du chant se retrouve sous la baguette d\u2019Andr\u00e9 B\u00e9hot\u00e9guy et cr\u00e9e l\u2019Otxote Pottoroak. Un de leurs points de rendez-vous est le \u201cClub des Clubs\u201d, rue du 49\u00e8me, g\u00e9r\u00e9 par le fameux rugbyman de l\u2019Aviron Bayonnais, Jean Dauger. Quand celui-ci ferme &hellip; <\/p>\n","protected":false},"author":1,"featured_media":0,"parent":0,"menu_order":0,"comment_status":"closed","ping_status":"closed","template":"","meta":{"footnotes":""},"_links":{"self":[{"href":"https:\/\/www.pottoroak.fr\/index.php?rest_route=\/wp\/v2\/pages\/569"}],"collection":[{"href":"https:\/\/www.pottoroak.fr\/index.php?rest_route=\/wp\/v2\/pages"}],"about":[{"href":"https:\/\/www.pottoroak.fr\/index.php?rest_route=\/wp\/v2\/types\/page"}],"author":[{"embeddable":true,"href":"https:\/\/www.pottoroak.fr\/index.php?rest_route=\/wp\/v2\/users\/1"}],"replies":[{"embeddable":true,"href":"https:\/\/www.pottoroak.fr\/index.php?rest_route=%2Fwp%2Fv2%2Fcomments&post=569"}],"version-history":[{"count":27,"href":"https:\/\/www.pottoroak.fr\/index.php?rest_route=\/wp\/v2\/pages\/569\/revisions"}],"predecessor-version":[{"id":1317,"href":"https:\/\/www.pottoroak.fr\/index.php?rest_route=\/wp\/v2\/pages\/569\/revisions\/1317"}],"wp:attachment":[{"href":"https:\/\/www.pottoroak.fr\/index.php?rest_route=%2Fwp%2Fv2%2Fmedia&parent=569"}],"curies":[{"name":"wp","href":"https:\/\/api.w.org\/{rel}","templated":true}]}}